{"id":748,"date":"2025-06-01T17:56:00","date_gmt":"2025-06-01T16:56:00","guid":{"rendered":"https:\/\/hotel-lou-juan.com\/?page_id=748"},"modified":"2025-06-09T11:07:22","modified_gmt":"2025-06-09T10:07:22","slug":"mentions-legales","status":"publish","type":"page","link":"https:\/\/hotel-lou-juan.com\/en\/mentions-legales\/","title":{"rendered":"Terms of use"},"content":{"rendered":"<div data-elementor-type=\"wp-page\" data-elementor-id=\"748\" class=\"elementor elementor-748\" data-elementor-post-type=\"page\">\n\t\t\t\t<div class=\"elementor-element elementor-element-82b4033 e-flex e-con-boxed e-con e-parent\" data-id=\"82b4033\" data-element_type=\"container\" data-e-type=\"container\">\n\t\t\t\t\t<div class=\"e-con-inner\">\n\t\t\t\t<div class=\"elementor-element elementor-element-265a8a8 elementor-widget elementor-widget-text-editor\" data-id=\"265a8a8\" data-element_type=\"widget\" data-e-type=\"widget\" data-widget_type=\"text-editor.default\">\n\t\t\t\t<div class=\"elementor-widget-container\">\n\t\t\t\t\t\t\t\t\t<ol><li><strong> Site editor<\/strong><\/li><\/ol><p>The www.hotel-lou-juan.com website is published by <strong>Hotel Lou Juan<\/strong>,<br \/>SAS with capital of \u20ac,<br \/>registered with the Cr\u00e9teil Trade and Companies Register under number 93074812400037,<br \/>Head office: 13 rue S\u00e9journ\u00e9 94000 Cr\u00e9teil,<br \/>Intracommunity VAT number: FR56930748124<\/p><ol start=\"2\"><li><strong> Responsible for publication<\/strong><\/li><\/ol><p>Publication manager: Dan DJORNO,<br \/>Contact: <a href=\"mailto:contact@hotel-lou-juan.com\">contact@hotel-lou-juan.com<\/a>\u00a0\u00a0\u00a0\u00a0<\/p><ol start=\"3\"><li><strong> Hosting<\/strong><\/li><\/ol><p>The site is hosted by :<br \/><strong>HOVER<\/strong><br \/>Hover, a Tucows service<br \/>96 Mowat Avenue<br \/>Toronto, Ontario<br \/>M6K 3M1<br \/>CANADA<br \/>Site : <a href=\"https:\/\/www.hover.com\/\">https:\/\/www.hover.com\/\u00a0<\/a><\/p><ol start=\"4\"><li><strong> Intellectual property<\/strong><\/li><\/ol><p>The site and its contents (texts, images, graphics, logos, videos, etc.) are protected by copyright. Reproduction without prior authorization is prohibited.<\/p><ol start=\"5\"><li><strong> Personal data<\/strong><\/li><\/ol><p>In accordance with the RGPD, users have the right to access, rectify, object to, delete and port their data.<br \/>To exercise these rights: contact@hotel-lou-juan.com\u00a0<\/p><p>For more information, see our [Privacy Policy].<\/p><ol start=\"6\"><li><strong> Cookies<\/strong><\/li><\/ol><p>The site uses cookies to ensure proper operation and audience measurement. You can accept or refuse cookies via the appropriate banner.<\/p>\t\t\t\t\t\t\t\t<\/div>\n\t\t\t\t<\/div>\n\t\t\t\t\t<\/div>\n\t\t\t\t<\/div>\n\t\t\t\t<\/div>","protected":false},"excerpt":{"rendered":"<p>Site publisher The www.hotel-lou-juan.com site is published by H\u00f4tel Lou Juan,SAS with capital of \u20ac,registered with the Cr\u00e9teil Trade and Companies Register under number 93074812400037,registered office: 13 rue S\u00e9journ\u00e9 94000 Cr\u00e9teil,Intracommunity VAT number: FR56930748124 Publication manager Publication manager: Dan DJORNO,Contact: contact@hotel-lou-juan.com Hosting The site is hosted by:HOVERHover, a service of [...]<\/p>","protected":false},"author":1,"featured_media":0,"parent":0,"menu_order":0,"comment_status":"closed","ping_status":"closed","template":"","meta":{"content-type":"","footnotes":""},"class_list":["post-748","page","type-page","status-publish","hentry"],"_links":{"self":[{"href":"https:\/\/hotel-lou-juan.com\/en\/wp-json\/wp\/v2\/pages\/748","targetHints":{"allow":["GET"]}}],"collection":[{"href":"https:\/\/hotel-lou-juan.com\/en\/wp-json\/wp\/v2\/pages"}],"about":[{"href":"https:\/\/hotel-lou-juan.com\/en\/wp-json\/wp\/v2\/types\/page"}],"author":[{"embeddable":true,"href":"https:\/\/hotel-lou-juan.com\/en\/wp-json\/wp\/v2\/users\/1"}],"replies":[{"embeddable":true,"href":"https:\/\/hotel-lou-juan.com\/en\/wp-json\/wp\/v2\/comments?post=748"}],"version-history":[{"count":7,"href":"https:\/\/hotel-lou-juan.com\/en\/wp-json\/wp\/v2\/pages\/748\/revisions"}],"predecessor-version":[{"id":1377,"href":"https:\/\/hotel-lou-juan.com\/en\/wp-json\/wp\/v2\/pages\/748\/revisions\/1377"}],"wp:attachment":[{"href":"https:\/\/hotel-lou-juan.com\/en\/wp-json\/wp\/v2\/media?parent=748"}],"curies":[{"name":"wp","href":"https:\/\/api.w.org\/{rel}","templated":true}]}}